{"id":9,"date":"2022-09-28T16:04:02","date_gmt":"2022-09-28T20:04:02","guid":{"rendered":"https:\/\/portesltr.com\/?page_id=9"},"modified":"2024-12-16T14:39:06","modified_gmt":"2024-12-16T19:39:06","slug":"a-propos","status":"publish","type":"page","link":"https:\/\/www.portesltr.com\/fr\/a-propos\/","title":{"rendered":"\u00c0 propos"},"content":{"rendered":"<section class=\"topmodel-container\">\n<div class=\"container\">\n<div class=\"row\">\n<div class=\"col-lg-12\">\n<div class=\"lc-block\">\n<div editable=\"rich\">\n<h1>\u00c0 propos de Portes LTR \u00e0 Gatineau en Outaouais <\/h1>\n<\/p><\/div>\n<\/p><\/div>\n<p><!-- \/lc-block -->\n\t\t\t<\/div>\n<p><!-- \/col -->\n\t\t<\/div>\n<\/p><\/div>\n<\/section>\n<section class=\"maincontent-container\">\n<div class=\"container\">\n<div class=\"row\">\n<div class=\"col-lg-5\">\n<div class=\"lc-block\">\n\t\t\t\t\t<picture><source srcset=\"https:\/\/portesltr.com\/wp-content\/uploads\/2022\/10\/maintext-img.webp\" type=\"image\/webp\"><img loading=\"lazy\" decoding=\"async\" class=\"img-fluid wp-image-41\" src=\"https:\/\/portesltr.com\/wp-content\/uploads\/2022\/10\/maintext-img.jpg\" width=\"743\" height=\"597\" srcset=\"https:\/\/portesltr.com\/wp-content\/uploads\/2022\/10\/maintext-img.jpg 743w, https:\/\/portesltr.com\/wp-content\/uploads\/2022\/10\/maintext-img-300x241.jpg 300w, https:\/\/portesltr.com\/wp-content\/uploads\/2022\/10\/maintext-img-373x300.jpg 373w\" sizes=\"auto, (max-width: 743px) 100vw, 743px\" alt=\"\"><\/picture>\n\t\t\t\t<\/div>\n<p><!-- \/lc-block -->\n\t\t\t<\/div>\n<p><!-- \/col --><\/p>\n<div class=\"col-lg-7\">\n<div class=\"lc-block\">\n<div editable=\"rich\">\n<h2>Avec plusieurs d\u00e9cennies d\u2019exp\u00e9rience, Portes LTR sont les sp\u00e9cialistes des portes de garage en Outaouais<\/h2>\n<p>Depuis les ann\u00e9es 2000, Les Portes LTR offrent leurs services d\u2019installation, vente, r\u00e9paration et d\u2019entretien de portes de garage aussi bien aux particuliers et aux entreprises qu\u2019aux institutions gouvernementales et aux industries. Gr\u00e2ce \u00e0 leurs services de qualit\u00e9, ils ont fait la renomm\u00e9e de l\u2019entreprise et ils sont toujours \u00e0 ce jour la r\u00e9f\u00e9rence dans le domaine en Outaouais. <\/p>\n<\/p>\n<p>Les Portes LTR disposent de plusieurs camions, parfait pour se d\u00e9placer dans toute la r\u00e9gion pour l\u2019installation, la r\u00e9paration et la maintenance de vos portes de garage. \u00c0 notre emplacement du 1448 Saint-Louis \u00e0 Gatineau, vous trouverez un inventaire complet de pi\u00e8ces de rechange, de services offerts ainsi qu\u2019un personnel qualifi\u00e9.<\/p>\n<\/p>\n<\/p>\n<p>Voici les marques de portes de garage renomm\u00e9es et les fournisseurs collaborant avec Portes LTR :<\/p>\n<\/p>\n<ul>\n<li>LiftMaster\u00ae <\/li>\n<li>Manaras-Opera <\/li>\n<li>Besam <\/li>\n<li>Garex <\/li>\n<li>Atlas Cornell CooKson <\/li>\n<li><span>TNR Doors&nbsp;<\/span><\/li>\n<li><span>Blue Giant<\/span><\/li>\n<li><span>Doorlet&nbsp;<br \/><\/span>Une porte de garage est un investissement indispensable pour votre s\u00e9curit\u00e9 et celle de vos biens. Effectivement, en plus de pouvoir stationner vos voitures avec la conscience tranquille, votre nouvelle porte de garage achet\u00e9e et install\u00e9e par Portes LTR en Outaouais, vous offre \u00e9galement une garantie de protection pour vos biens mat\u00e9riels! D\u2019un autre c\u00f4t\u00e9, c\u2019est un excellent investissement pour votre propri\u00e9t\u00e9, car une porte de garage de bonne qualit\u00e9 et esth\u00e9tique augmente la valeur de celle-ci.\n<\/p>\n<p>N\u2019h\u00e9sitez pas \u00e0 faire appel \u00e0 notre \u00e9quipe, chez Portes LTR, pour toutes questions, commentaires et pr\u00e9occupations ou si vous constater un probl\u00e8me de fonctionnement avec votre porte de garage. Notre mission est que vous ayez le meilleur service et la meilleure qualit\u00e9 et fonctionnalit\u00e9 pour votre budget! Chez Portes LTR nous avons les portes de garage qui vous ouvriront les portes sur vos projets! Nous avons LA PORTE pour vous!&nbsp;<\/p>\n<\/li>\n<\/ul>\n<\/p><\/div>\n<\/p><\/div>\n<p><!-- \/lc-block --><\/p>\n<div class=\"lc-block\">\n<div lc-helper=\"shortcode\" class=\"live-shortcode\"><a class=\"full-green contact btn\" href=\"https:\/\/www.portesltr.com\/fr\/contact\/\" aria-label=\"En savoir plus\">En savoir plus<\/a><\/div>\n<\/p><\/div>\n<p><!-- \/lc-block -->\n\t\t\t<\/div>\n<p><!-- \/col -->\n\t\t<\/div>\n<\/p><\/div>\n<\/section>\n","protected":false},"excerpt":{"rendered":"<p>\u00c0 propos de Portes LTR \u00e0 Gatineau en Outaouais Avec plusieurs d\u00e9cennies d\u2019exp\u00e9rience, Portes LTR sont les sp\u00e9cialistes des portes de garage en Outaouais Depuis les ann\u00e9es 2000, Les Portes LTR offrent leurs services d\u2019installation, vente, r\u00e9paration et d\u2019entretien de portes de garage aussi bien aux particuliers et aux entreprises qu\u2019aux institutions gouvernementales et aux [&hellip;]<\/p>\n","protected":false},"author":1,"featured_media":0,"parent":0,"menu_order":0,"comment_status":"closed","ping_status":"closed","template":"","meta":{"_acf_changed":false,"footnotes":""},"class_list":["post-9","page","type-page","status-publish","hentry"],"acf":[],"_links":{"self":[{"href":"https:\/\/www.portesltr.com\/fr\/wp-json\/wp\/v2\/pages\/9","targetHints":{"allow":["GET"]}}],"collection":[{"href":"https:\/\/www.portesltr.com\/fr\/wp-json\/wp\/v2\/pages"}],"about":[{"href":"https:\/\/www.portesltr.com\/fr\/wp-json\/wp\/v2\/types\/page"}],"author":[{"embeddable":true,"href":"https:\/\/www.portesltr.com\/fr\/wp-json\/wp\/v2\/users\/1"}],"replies":[{"embeddable":true,"href":"https:\/\/www.portesltr.com\/fr\/wp-json\/wp\/v2\/comments?post=9"}],"version-history":[{"count":19,"href":"https:\/\/www.portesltr.com\/fr\/wp-json\/wp\/v2\/pages\/9\/revisions"}],"predecessor-version":[{"id":549,"href":"https:\/\/www.portesltr.com\/fr\/wp-json\/wp\/v2\/pages\/9\/revisions\/549"}],"wp:attachment":[{"href":"https:\/\/www.portesltr.com\/fr\/wp-json\/wp\/v2\/media?parent=9"}],"curies":[{"name":"wp","href":"https:\/\/api.w.org\/{rel}","templated":true}]}}