{"id":77,"date":"2022-10-18T13:11:44","date_gmt":"2022-10-18T17:11:44","guid":{"rendered":"https:\/\/portesltr.com\/?page_id=77"},"modified":"2024-12-12T14:10:34","modified_gmt":"2024-12-12T19:10:34","slug":"residentiel","status":"publish","type":"page","link":"https:\/\/www.portesltr.com\/fr\/nos-modeles\/residentiel\/","title":{"rendered":"R\u00e9sidentiel"},"content":{"rendered":"<section class=\"topmodel-container\">\n<div class=\"container\">\n<div class=\"row\">\n<div class=\"col-md-12\">\n<div class=\"lc-block\">\n<div editable=\"rich\">\n<h1>Nos mod\u00e8les de portes de garage r\u00e9sidentiel \u00e0 Gatineau en Outaouais <\/h1>\n<\/p><\/div>\n<\/p><\/div>\n<p><!-- \/lc-block -->\n\t\t\t<\/div>\n<p><!-- \/col -->\n\t\t<\/div>\n<\/p><\/div>\n<\/section>\n<section>\n<div lc-helper=\"shortcode\" class=\"live-shortcode\"><div class=\"models-list-container\"><div class=\"container\"><div class=\"row\"><div class=\"col-12 col-md-6 col-lg-4\"><div class=\"single-model\"><div class=\"single-model-img\"><a href=\"https:\/\/www.portesltr.com\/fr\/modeles\/cambridge-cm\/\"><img loading=\"lazy\" decoding=\"async\" src=\"https:\/\/portesltr.com\/wp-content\/uploads\/2022\/10\/05-2-556x420.jpg\" width=\"556\" height=\"420\" alt=\"Cambridge CM\"><\/a><\/div><div class=\"single-model-title\"><a href=\"https:\/\/www.portesltr.com\/fr\/modeles\/cambridge-cm\/\">Cambridge CM<\/a><\/div><\/div><\/div><div class=\"col-12 col-md-6 col-lg-4\"><div class=\"single-model\"><div class=\"single-model-img\"><a href=\"https:\/\/www.portesltr.com\/fr\/modeles\/eastman-e-13\/\"><img loading=\"lazy\" decoding=\"async\" src=\"https:\/\/portesltr.com\/wp-content\/uploads\/2022\/10\/06-1-556x420.jpg\" width=\"556\" height=\"420\" alt=\"Eastman E-13\"><\/a><\/div><div class=\"single-model-title\"><a href=\"https:\/\/www.portesltr.com\/fr\/modeles\/eastman-e-13\/\">Eastman E-13<\/a><\/div><\/div><\/div><div class=\"col-12 col-md-6 col-lg-4\"><div class=\"single-model\"><div class=\"single-model-img\"><a href=\"https:\/\/www.portesltr.com\/fr\/modeles\/grain-de-bois-138\/\"><img loading=\"lazy\" decoding=\"async\" src=\"https:\/\/portesltr.com\/wp-content\/uploads\/2022\/10\/Test-woodgrain-2-556x360.jpg\" width=\"556\" height=\"360\" alt=\"Grain de bois 138\"><\/a><\/div><div class=\"single-model-title\"><a href=\"https:\/\/www.portesltr.com\/fr\/modeles\/grain-de-bois-138\/\">Grain de bois 138<\/a><\/div><\/div><\/div><div class=\"col-12 col-md-6 col-lg-4\"><div class=\"single-model\"><div class=\"single-model-img\"><a href=\"https:\/\/www.portesltr.com\/fr\/modeles\/new-hampshire-138\/\"><img loading=\"lazy\" decoding=\"async\" src=\"https:\/\/portesltr.com\/wp-content\/uploads\/2022\/10\/New_Hampsire-138_pat-556x360.jpg\" width=\"556\" height=\"360\" alt=\"New Hampshire 138\"><\/a><\/div><div class=\"single-model-title\"><a href=\"https:\/\/www.portesltr.com\/fr\/modeles\/new-hampshire-138\/\">New Hampshire 138<\/a><\/div><\/div><\/div><div class=\"col-12 col-md-6 col-lg-4\"><div class=\"single-model\"><div class=\"single-model-img\"><a href=\"https:\/\/www.portesltr.com\/fr\/modeles\/north-hatley-sp\/\"><img loading=\"lazy\" decoding=\"async\" src=\"https:\/\/portesltr.com\/wp-content\/uploads\/2022\/10\/12-556x420.jpg\" width=\"556\" height=\"420\" alt=\"North Hatley SP\"><\/a><\/div><div class=\"single-model-title\"><a href=\"https:\/\/www.portesltr.com\/fr\/modeles\/north-hatley-sp\/\">North Hatley SP<\/a><\/div><\/div><\/div><div class=\"col-12 col-md-6 col-lg-4\"><div class=\"single-model\"><div class=\"single-model-img\"><a href=\"https:\/\/www.portesltr.com\/fr\/modeles\/premium\/\"><img loading=\"lazy\" decoding=\"async\" src=\"https:\/\/portesltr.com\/wp-content\/uploads\/2022\/10\/08-1-556x400.jpg\" width=\"556\" height=\"400\" alt=\"Premium\"><\/a><\/div><div class=\"single-model-title\"><a href=\"https:\/\/www.portesltr.com\/fr\/modeles\/premium\/\">Premium<\/a><\/div><\/div><\/div><div class=\"col-12 col-md-6 col-lg-4\"><div class=\"single-model\"><div class=\"single-model-img\"><a href=\"https:\/\/www.portesltr.com\/fr\/modeles\/premium-138\/\"><img loading=\"lazy\" decoding=\"async\" src=\"https:\/\/portesltr.com\/wp-content\/uploads\/2022\/10\/Premium-138_pat-556x360.jpg\" width=\"556\" height=\"360\" alt=\"Premium 138\"><\/a><\/div><div class=\"single-model-title\"><a href=\"https:\/\/www.portesltr.com\/fr\/modeles\/premium-138\/\">Premium 138<\/a><\/div><\/div><\/div><div class=\"col-12 col-md-6 col-lg-4\"><div class=\"single-model\"><div class=\"single-model-img\"><a href=\"https:\/\/www.portesltr.com\/fr\/modeles\/shaker-plat-xs1\/\"><img loading=\"lazy\" decoding=\"async\" src=\"https:\/\/portesltr.com\/wp-content\/uploads\/2022\/10\/05-556x420.jpg\" width=\"556\" height=\"420\" alt=\"Shaker-Plat XS1\"><\/a><\/div><div class=\"single-model-title\"><a href=\"https:\/\/www.portesltr.com\/fr\/modeles\/shaker-plat-xs1\/\">Shaker-Plat XS1<\/a><\/div><\/div><\/div><div class=\"col-12 col-md-6 col-lg-4\"><div class=\"single-model\"><div class=\"single-model-img\"><a href=\"https:\/\/www.portesltr.com\/fr\/modeles\/vermont-138\/\"><img loading=\"lazy\" decoding=\"async\" src=\"https:\/\/portesltr.com\/wp-content\/uploads\/2022\/10\/01-10-556x360.jpg\" width=\"556\" height=\"360\" alt=\"Vermont 138\"><\/a><\/div><div class=\"single-model-title\"><a href=\"https:\/\/www.portesltr.com\/fr\/modeles\/vermont-138\/\">Vermont 138<\/a><\/div><\/div><\/div><div class=\"col-12 col-md-6 col-lg-4\"><div class=\"single-model\"><div class=\"single-model-img\"><a href=\"https:\/\/www.portesltr.com\/fr\/modeles\/vog\/\"><img loading=\"lazy\" decoding=\"async\" src=\"https:\/\/portesltr.com\/wp-content\/uploads\/2022\/10\/Vog-10_8x8_Black_ScreenWindows-556x420.jpg\" width=\"556\" height=\"420\" alt=\"VOG\"><\/a><\/div><div class=\"single-model-title\"><a href=\"https:\/\/www.portesltr.com\/fr\/modeles\/vog\/\">VOG<\/a><\/div><\/div><\/div><\/div><\/div><\/div><\/div>\n<\/section>\n","protected":false},"excerpt":{"rendered":"<p>Nos mod\u00e8les de portes de garage r\u00e9sidentiel \u00e0 Gatineau en Outaouais<\/p>\n","protected":false},"author":1,"featured_media":0,"parent":13,"menu_order":0,"comment_status":"closed","ping_status":"closed","template":"","meta":{"_acf_changed":false,"footnotes":""},"class_list":["post-77","page","type-page","status-publish","hentry"],"acf":[],"_links":{"self":[{"href":"https:\/\/www.portesltr.com\/fr\/wp-json\/wp\/v2\/pages\/77","targetHints":{"allow":["GET"]}}],"collection":[{"href":"https:\/\/www.portesltr.com\/fr\/wp-json\/wp\/v2\/pages"}],"about":[{"href":"https:\/\/www.portesltr.com\/fr\/wp-json\/wp\/v2\/types\/page"}],"author":[{"embeddable":true,"href":"https:\/\/www.portesltr.com\/fr\/wp-json\/wp\/v2\/users\/1"}],"replies":[{"embeddable":true,"href":"https:\/\/www.portesltr.com\/fr\/wp-json\/wp\/v2\/comments?post=77"}],"version-history":[{"count":7,"href":"https:\/\/www.portesltr.com\/fr\/wp-json\/wp\/v2\/pages\/77\/revisions"}],"predecessor-version":[{"id":521,"href":"https:\/\/www.portesltr.com\/fr\/wp-json\/wp\/v2\/pages\/77\/revisions\/521"}],"up":[{"embeddable":true,"href":"https:\/\/www.portesltr.com\/fr\/wp-json\/wp\/v2\/pages\/13"}],"wp:attachment":[{"href":"https:\/\/www.portesltr.com\/fr\/wp-json\/wp\/v2\/media?parent=77"}],"curies":[{"name":"wp","href":"https:\/\/api.w.org\/{rel}","templated":true}]}}