{"id":15,"date":"2022-09-28T16:05:56","date_gmt":"2022-09-28T20:05:56","guid":{"rendered":"https:\/\/portesltr.com\/?page_id=15"},"modified":"2024-12-12T14:09:31","modified_gmt":"2024-12-12T19:09:31","slug":"demande-de-soumission","status":"publish","type":"page","link":"https:\/\/www.portesltr.com\/fr\/demande-de-soumission\/","title":{"rendered":"Demande de soumission"},"content":{"rendered":"<section class=\"topmodel-container\">\n<div class=\"container\">\n<div class=\"row\">\n<div class=\"col-lg-12\">\n<div class=\"lc-block\">\n<div editable=\"rich\">\n<h1>Demande de soumission<\/h1>\n<\/p><\/div>\n<\/p><\/div>\n<p><!-- \/lc-block -->\n\t\t\t<\/div>\n<p><!-- \/col -->\n\t\t<\/div>\n<\/p><\/div>\n<\/section>\n<section class=\"maincontent-container contact-container\">\n<div class=\"container\">\n<div class=\"row\">\n<div class=\"col-lg-6\">\n<div class=\"lc-block\">\n<div editable=\"rich\">\n<h2>Obtenez une soumission pour l\u2019installation, la maintenance ou la r\u00e9paration de votre porte de garage en Outaouais<\/h2>\n<p>Pour votre porte de garage et\/ou tout autre type de portes sur mesure \u00e0 Gatineau, c\u2019est avec Portes LTR que vous devez collaborer. Prenez contact avec nous d\u00e8s maintenant pour obtenir une estimation gratuite ou une soumission sur votre projet.\u202f Pour prendre contact avec nous, il suffit de nous appeler au (819) 243-3306 ou de remplir ce formulaire. <\/p>\n<\/p>\n<p>Si vous disposez d\u00e9j\u00e0 de plans pour votre projet, vous pouvez les attacher au formulaire pour une estimation gratuite. N\u2019h\u00e9sitez pas \u00e0 nous transmettre une photo ext\u00e9rieure de votre maison ou de la pi\u00e8ce actuelle afin que nous puissions mieux vous conseiller. <\/p>\n<\/p>\n<p>Au plaisir de travailler avec vous.&nbsp;<\/p>\n<\/p><\/div>\n<\/p><\/div>\n<p><!-- \/lc-block -->\n\t\t\t<\/div>\n<p><!-- \/col --><\/p>\n<div class=\"col-lg-6\">\n<div class=\"lc-block\">\n<div lc-helper=\"shortcode\" class=\"live-shortcode\">\n<div class=\"wpcf7 no-js\" id=\"wpcf7-f5-o1\" lang=\"fr-FR\" dir=\"ltr\" data-wpcf7-id=\"5\">\n<div class=\"screen-reader-response\"><p role=\"status\" aria-live=\"polite\" aria-atomic=\"true\"><\/p> <ul><\/ul><\/div>\n<form action=\"\/fr\/wp-json\/wp\/v2\/pages\/15#wpcf7-f5-o1\" method=\"post\" class=\"wpcf7-form init\" aria-label=\"Formulaire de contact\" novalidate=\"novalidate\" data-status=\"init\">\n<fieldset class=\"hidden-fields-container\"><input type=\"hidden\" name=\"_wpcf7\" value=\"5\" \/><input type=\"hidden\" name=\"_wpcf7_version\" value=\"6.1.5\" \/><input type=\"hidden\" name=\"_wpcf7_locale\" value=\"fr_FR\" \/><input type=\"hidden\" name=\"_wpcf7_unit_tag\" value=\"wpcf7-f5-o1\" \/><input type=\"hidden\" name=\"_wpcf7_container_post\" value=\"0\" \/><input type=\"hidden\" name=\"_wpcf7_posted_data_hash\" value=\"\" \/>\n<\/fieldset>\n<div class=\"theForm\">\n\t<div class=\"column d-flex align-items-center\">\n\t\t<p><label for=\"your-subject\">Sujet *<\/label><br \/>\n<span class=\"wpcf7-form-control-wrap\" data-name=\"your-subject\"><select name=\"your-subject\" id=\"your-subject\" class=\"wpcf7-form-control wpcf7-select wpcf7-validates-as-required\" aria-required=\"true\"  aria-invalid=\"false\"><option value=\"\">Veuillez choisir...<\/option><option value=\"Entretien\">Entretien<\/option><option value=\"Installation\">Installation<\/option><option value=\"R\u00e9paration\">R\u00e9paration<\/option><option value=\"Vente\">Vente<\/option><option value=\"Porte r\u00e9sidentiel\">Porte r\u00e9sidentiel<\/option><option value=\"Porte commercial\">Porte commercial<\/option><option value=\"Demande de soumission\">Demande de soumission<\/option><option value=\"Obtenir de l'information\">Obtenir de l'information<\/option><\/select><\/span>\n\t\t<\/p>\n\t<\/div>\n\t<div class=\"column d-flex align-items-center\">\n\t\t<p><label for=\"your-name\">Nom complet *<\/label><br \/>\n<span class=\"wpcf7-form-control-wrap\" data-name=\"your-name\"><input size=\"40\" maxlength=\"400\" class=\"wpcf7-form-control wpcf7-text wpcf7-validates-as-required\" id=\"your-name\" aria-required=\"true\" aria-invalid=\"false\" value=\"\" type=\"text\" name=\"your-name\" \/><\/span>\n\t\t<\/p>\n\t<\/div>\n\t<div class=\"column d-flex align-items-center\">\n\t\t<p><label for=\"your-email\">Courriel *<\/label><br \/>\n<span class=\"wpcf7-form-control-wrap\" data-name=\"your-email\"><input size=\"40\" maxlength=\"400\" class=\"wpcf7-form-control wpcf7-email wpcf7-validates-as-required wpcf7-text wpcf7-validates-as-email\" id=\"your-email\" aria-required=\"true\" aria-invalid=\"false\" value=\"\" type=\"email\" name=\"your-email\" \/><\/span>\n\t\t<\/p>\n\t<\/div>\n\t<div class=\"column d-flex align-items-center\">\n\t\t<p><label for=\"your-tel\">T\u00e9l\u00e9phone *<\/label><br \/>\n<span class=\"wpcf7-form-control-wrap\" data-name=\"your-tel\"><input size=\"40\" maxlength=\"14\" minlength=\"12\" class=\"wpcf7-form-control wpcf7-tel wpcf7-validates-as-required wpcf7-text wpcf7-validates-as-tel\" id=\"your-tel\" aria-required=\"true\" aria-invalid=\"false\" value=\"\" type=\"tel\" name=\"your-tel\" \/><\/span>\n\t\t<\/p>\n\t<\/div>\n\t<div class=\"column d-flex\">\n\t\t<p><label for=\"your-message\">Message *<\/label><br \/>\n<span class=\"wpcf7-form-control-wrap\" data-name=\"your-message\"><textarea cols=\"40\" rows=\"5\" maxlength=\"2000\" class=\"wpcf7-form-control wpcf7-textarea wpcf7-validates-as-required\" id=\"your-message\" aria-required=\"true\" aria-invalid=\"false\" name=\"your-message\"><\/textarea><\/span>\n\t\t<\/p>\n\t<\/div>\n\t<div class=\"column d-flex justify-content-end\">\n\t\t<p><span class=\"wpcf7-form-control-wrap\" data-name=\"confEmail\"><input size=\"40\" maxlength=\"400\" class=\"wpcf7-form-control wpcf7-text\" id=\"confEmail\" aria-invalid=\"false\" value=\"\" type=\"text\" name=\"confEmail\" \/><\/span><input class=\"wpcf7-form-control wpcf7-submit has-spinner btn contact\" type=\"submit\" value=\"Soumettre\" \/>\n\t\t<\/p>\n\t<\/div>\n<\/div><div class=\"wpcf7-response-output\" aria-hidden=\"true\"><\/div>\n<\/form>\n<\/div>\n<\/div>\n<\/p><\/div>\n<p><!-- \/lc-block -->\n\t\t\t<\/div>\n<p><!-- \/col -->\n\t\t<\/div>\n<\/p><\/div>\n<\/section>\n","protected":false},"excerpt":{"rendered":"<p>Demande de soumission Obtenez une soumission pour l\u2019installation, la maintenance ou la r\u00e9paration de votre porte de garage en Outaouais Pour votre porte de garage et\/ou tout autre type de portes sur mesure \u00e0 Gatineau, c\u2019est avec Portes LTR que vous devez collaborer. Prenez contact avec nous d\u00e8s maintenant pour obtenir une estimation gratuite ou [&hellip;]<\/p>\n","protected":false},"author":1,"featured_media":0,"parent":0,"menu_order":0,"comment_status":"closed","ping_status":"closed","template":"","meta":{"_acf_changed":false,"footnotes":""},"class_list":["post-15","page","type-page","status-publish","hentry"],"acf":[],"_links":{"self":[{"href":"https:\/\/www.portesltr.com\/fr\/wp-json\/wp\/v2\/pages\/15","targetHints":{"allow":["GET"]}}],"collection":[{"href":"https:\/\/www.portesltr.com\/fr\/wp-json\/wp\/v2\/pages"}],"about":[{"href":"https:\/\/www.portesltr.com\/fr\/wp-json\/wp\/v2\/types\/page"}],"author":[{"embeddable":true,"href":"https:\/\/www.portesltr.com\/fr\/wp-json\/wp\/v2\/users\/1"}],"replies":[{"embeddable":true,"href":"https:\/\/www.portesltr.com\/fr\/wp-json\/wp\/v2\/comments?post=15"}],"version-history":[{"count":7,"href":"https:\/\/www.portesltr.com\/fr\/wp-json\/wp\/v2\/pages\/15\/revisions"}],"predecessor-version":[{"id":519,"href":"https:\/\/www.portesltr.com\/fr\/wp-json\/wp\/v2\/pages\/15\/revisions\/519"}],"wp:attachment":[{"href":"https:\/\/www.portesltr.com\/fr\/wp-json\/wp\/v2\/media?parent=15"}],"curies":[{"name":"wp","href":"https:\/\/api.w.org\/{rel}","templated":true}]}}